{"id":2,"date":"2024-05-01T03:10:10","date_gmt":"2024-05-01T03:10:10","guid":{"rendered":"https:\/\/redinalambrica.com.mx\/home\/redinalambrica\/public_html\/?page_id=2"},"modified":"2024-04-30T21:49:49","modified_gmt":"2024-05-01T03:49:49","slug":"sample-page","status":"publish","type":"page","link":"https:\/\/redinalambrica.com.mx\/?page_id=2","title":{"rendered":"QUI\u00c9NES SOMOS?"},"content":{"rendered":"\n<p class=\"has-text-align-center\">Somos una empresa mexicana, originaria de Chiapas, prestamos servicios de telecomunicaciones, en los t\u00e9rminos establecidos por al Instituto de Federal de Telecomunicaciones, tenemos presencia en m\u00e1s de la mitad de estado de Chiapas y nuestros servicios se distinguen por su calidad, estabilidad y profesionalismo:<\/p>\n\n\n\n<blockquote class=\"wp-block-quote is-layout-flow wp-block-quote-is-layout-flow\">\n<p>Somos profesionales en el \u00e1rea de telecomunicaciones y prestamos servicios a trav\u00e9s de fibra \u00f3ptica y microondas.<\/p>\n<\/blockquote>\n\n\n\n<p>&#8230;qu\u00e9 experiencia tenemos?:<\/p>\n\n\n\n<blockquote class=\"wp-block-quote is-layout-flow wp-block-quote-is-layout-flow\">\n<p>15 a\u00f1os de experiencia en el ramo de las telecomunicaciones permiten que realicemos cualquier proyecto relativo a la conectividad, ruteo, balanceo y administraci\u00f3n de redes.<\/p>\n<\/blockquote>\n\n\n\n<p class=\"has-text-align-center\">Como proveedores de servicios de internet, expertos en conectividad y administraci\u00f3n de redes, ponemos a la orden del p\u00fablico en general nuestros datos de contacto, por lo que si deseas conversar o saber m\u00e1s de nosotros comun\u00edcate al correo <a href=\"mailto:contacto@redinalambrica.com.mx\">contacto@redinalambrica.com.mx<\/a> y por whatsapp al numero <a href=\"https:\/\/wa.me\/529671000213\">9671000213<\/a>.<\/p>\n","protected":false},"excerpt":{"rendered":"<p>Somos una empresa mexicana, originaria de Chiapas, prestamos servicios de telecomunicaciones, en los t\u00e9rminos establecidos por al Instituto de Federal de Telecomunicaciones, tenemos presencia en m\u00e1s de la mitad de estado de Chiapas y nuestros servicios se distinguen por su calidad, estabilidad y profesionalismo: Somos profesionales en el \u00e1rea de telecomunicaciones y prestamos servicios a [&hellip;]<\/p>\n","protected":false},"author":1,"featured_media":0,"parent":0,"menu_order":0,"comment_status":"closed","ping_status":"open","template":"","meta":{"footnotes":""},"class_list":["post-2","page","type-page","status-publish","hentry"],"_links":{"self":[{"href":"https:\/\/redinalambrica.com.mx\/index.php?rest_route=\/wp\/v2\/pages\/2","targetHints":{"allow":["GET"]}}],"collection":[{"href":"https:\/\/redinalambrica.com.mx\/index.php?rest_route=\/wp\/v2\/pages"}],"about":[{"href":"https:\/\/redinalambrica.com.mx\/index.php?rest_route=\/wp\/v2\/types\/page"}],"author":[{"embeddable":true,"href":"https:\/\/redinalambrica.com.mx\/index.php?rest_route=\/wp\/v2\/users\/1"}],"replies":[{"embeddable":true,"href":"https:\/\/redinalambrica.com.mx\/index.php?rest_route=%2Fwp%2Fv2%2Fcomments&post=2"}],"version-history":[{"count":13,"href":"https:\/\/redinalambrica.com.mx\/index.php?rest_route=\/wp\/v2\/pages\/2\/revisions"}],"predecessor-version":[{"id":19,"href":"https:\/\/redinalambrica.com.mx\/index.php?rest_route=\/wp\/v2\/pages\/2\/revisions\/19"}],"wp:attachment":[{"href":"https:\/\/redinalambrica.com.mx\/index.php?rest_route=%2Fwp%2Fv2%2Fmedia&parent=2"}],"curies":[{"name":"wp","href":"https:\/\/api.w.org\/{rel}","templated":true}]}}